{"id":438,"date":"2021-03-31T08:56:21","date_gmt":"2021-03-31T08:56:21","guid":{"rendered":"http:\/\/z.commonsupport.com\/doclik\/?page_id=438"},"modified":"2026-04-18T10:24:02","modified_gmt":"2026-04-18T10:24:02","slug":"contact","status":"publish","type":"page","link":"https:\/\/alfaclinicturkey.com\/de\/contact\/","title":{"rendered":"Contact"},"content":{"rendered":"<div data-elementor-type=\"wp-page\" data-elementor-id=\"438\" class=\"elementor elementor-438\">\n\t\t\t\t\t\t<section class=\"elementor-section elementor-top-section elementor-element elementor-element-6cb97b4a elementor-section-full_width elementor-section-height-default elementor-section-height-default\" data-id=\"6cb97b4a\" data-element_type=\"section\">\n\t\t\t\t\t\t<div class=\"elementor-container elementor-column-gap-no\">\n\t\t\t\t\t<div class=\"elementor-column elementor-col-100 elementor-top-column elementor-element elementor-element-63069553\" data-id=\"63069553\" data-element_type=\"column\">\n\t\t\t<div class=\"elementor-widget-wrap elementor-element-populated\">\n\t\t\t\t\t\t<div class=\"elementor-element elementor-element-27fbfa0 elementor-widget elementor-widget-doclik_contact_info\" data-id=\"27fbfa0\" data-element_type=\"widget\" data-widget_type=\"doclik_contact_info.default\">\n\t\t\t\t<div class=\"elementor-widget-container\">\n\t\t\t        \n\t\t<section class=\"contact-info-section\">\n\t\t\t<div class=\"shape-three\">\n\t\t\t\t\t\t<img decoding=\"async\" src=\"https:\/\/alfaclinicturkey.com\/wp-content\/uploads\/2021\/03\/shape-36.png\" alt=\"\">\n\t\t\t\t\t\t<\/div>\n\t\t\t<div class=\"auto-container\">\n\t\t\t\t<div class=\"row\">\n\t\t\t\t\t\t\t\t\t\t<div class=\"col-lg-4 contact-info-block\">\n\t\t\t\t\t\t<div class=\"inner-box\">\n\t\t\t\t\t\t\t<div class=\"shape\">\n\t\t\t\t\t\t\t\t<svg \n\t\t\t\t\t\t\t\txmlns=\"http:\/\/www.w3.org\/2000\/svg\"\n                                        xmlns:xlink=\"http:\/\/www.w3.org\/1999\/xlink\"\n\t\t\t\t\t\t\t\twidth=\"162px\" height=\"162px\">\n\t\t\t\t\t\t\t   <path fill-rule=\"evenodd\"  fill=\"rgb(233, 245, 250)\"\n\t\t\t\t\t\t\t\td=\"M51.907,4.025 C4.744,-12.017 -4.034,30.812 3.061,42.932 C13.643,61.007 32.866,50.344 47.072,67.720 C53.996,76.190 53.497,84.812 59.956,103.148 C63.142,112.195 72.317,125.968 88.600,128.832 C107.082,132.083 115.911,127.220 127.941,135.094 C142.748,144.787 134.937,160.333 142.655,161.040 C148.709,161.596 161.984,153.268 161.302,139.151 C161.105,135.085 165.023,118.834 139.180,100.625 C129.617,93.888 111.663,92.827 102.735,85.214 C86.062,70.995 86.544,57.694 80.574,41.376 C73.423,21.829 69.404,9.976 51.907,4.025 Z\"\/>\n\t\t\t\t\t\t\t   <\/svg>\n\t\t\t\t\t\t\t<\/div>\n\t\t\t\t\t\t\t<div class=\"shape-two\"><img decoding=\"async\" src=\"https:\/\/alfaclinicturkey.com\/wp-content\/uploads\/2021\/03\/shape-43.png\" alt=\"\"><\/div>\n\t\t\t\t\t\t\t<div class=\"icon\"><img decoding=\"async\" src=\"https:\/\/alfaclinicturkey.com\/wp-content\/uploads\/2021\/03\/icon-4.png\" alt=\"\"><\/div>\n\t\t\t\t\t\t\t<h5>OUR LOCATION<\/h5>\n\t\t\t\t\t\t\t<h4>G\u00f6kt\u00fcrk Merkez Mah. A\u00e7elya Sk. No:2\/A Ey\u00fcpsultan\/\u0130stanbul\/T\u00fcrkiye<\/h4>\n\t\t\t\t\t\t<\/div>\n\t\t\t\t\t<\/div>\n\t\t\t\t\t\t\t\t\t\t<div class=\"col-lg-4 contact-info-block\">\n\t\t\t\t\t\t<div class=\"inner-box\">\n\t\t\t\t\t\t\t<div class=\"shape\">\n\t\t\t\t\t\t\t\t<svg \n\t\t\t\t\t\t\t\txmlns=\"http:\/\/www.w3.org\/2000\/svg\"\n                                        xmlns:xlink=\"http:\/\/www.w3.org\/1999\/xlink\"\n\t\t\t\t\t\t\t\twidth=\"162px\" height=\"162px\">\n\t\t\t\t\t\t\t   <path fill-rule=\"evenodd\"  fill=\"rgb(233, 245, 250)\"\n\t\t\t\t\t\t\t\td=\"M51.907,4.025 C4.744,-12.017 -4.034,30.812 3.061,42.932 C13.643,61.007 32.866,50.344 47.072,67.720 C53.996,76.190 53.497,84.812 59.956,103.148 C63.142,112.195 72.317,125.968 88.600,128.832 C107.082,132.083 115.911,127.220 127.941,135.094 C142.748,144.787 134.937,160.333 142.655,161.040 C148.709,161.596 161.984,153.268 161.302,139.151 C161.105,135.085 165.023,118.834 139.180,100.625 C129.617,93.888 111.663,92.827 102.735,85.214 C86.062,70.995 86.544,57.694 80.574,41.376 C73.423,21.829 69.404,9.976 51.907,4.025 Z\"\/>\n\t\t\t\t\t\t\t   <\/svg>\n\t\t\t\t\t\t\t<\/div>\n\t\t\t\t\t\t\t<div class=\"shape-two\"><img decoding=\"async\" src=\"https:\/\/alfaclinicturkey.com\/wp-content\/uploads\/2021\/03\/shape-43.png\" alt=\"\"><\/div>\n\t\t\t\t\t\t\t<div class=\"icon\"><img decoding=\"async\" src=\"https:\/\/alfaclinicturkey.com\/wp-content\/uploads\/2021\/03\/icon-5.png\" alt=\"\"><\/div>\n\t\t\t\t\t\t\t<h5>Phone Numbers<\/h5>\n\t\t\t\t\t\t\t<h4>+90 850 244 90 75<br>\n+90 542 356 52 91  <\/h4>\n\t\t\t\t\t\t<\/div>\n\t\t\t\t\t<\/div>\n\t\t\t\t\t\t\t\t\t\t<div class=\"col-lg-4 contact-info-block\">\n\t\t\t\t\t\t<div class=\"inner-box\">\n\t\t\t\t\t\t\t<div class=\"shape\">\n\t\t\t\t\t\t\t\t<svg \n\t\t\t\t\t\t\t\txmlns=\"http:\/\/www.w3.org\/2000\/svg\"\n                                        xmlns:xlink=\"http:\/\/www.w3.org\/1999\/xlink\"\n\t\t\t\t\t\t\t\twidth=\"162px\" height=\"162px\">\n\t\t\t\t\t\t\t   <path fill-rule=\"evenodd\"  fill=\"rgb(233, 245, 250)\"\n\t\t\t\t\t\t\t\td=\"M51.907,4.025 C4.744,-12.017 -4.034,30.812 3.061,42.932 C13.643,61.007 32.866,50.344 47.072,67.720 C53.996,76.190 53.497,84.812 59.956,103.148 C63.142,112.195 72.317,125.968 88.600,128.832 C107.082,132.083 115.911,127.220 127.941,135.094 C142.748,144.787 134.937,160.333 142.655,161.040 C148.709,161.596 161.984,153.268 161.302,139.151 C161.105,135.085 165.023,118.834 139.180,100.625 C129.617,93.888 111.663,92.827 102.735,85.214 C86.062,70.995 86.544,57.694 80.574,41.376 C73.423,21.829 69.404,9.976 51.907,4.025 Z\"\/>\n\t\t\t\t\t\t\t   <\/svg>\n\t\t\t\t\t\t\t<\/div>\n\t\t\t\t\t\t\t<div class=\"shape-two\"><img decoding=\"async\" src=\"https:\/\/alfaclinicturkey.com\/wp-content\/uploads\/2021\/03\/shape-43.png\" alt=\"\"><\/div>\n\t\t\t\t\t\t\t<div class=\"icon\"><img decoding=\"async\" src=\"https:\/\/alfaclinicturkey.com\/wp-content\/uploads\/2021\/03\/icon-6.png\" alt=\"\"><\/div>\n\t\t\t\t\t\t\t<h5>EMAIL ADDRESS<\/h5>\n\t\t\t\t\t\t\t<h4>info@alfaclinicturkey.com<br>\nappointment@alfaclinicturkey.com<\/h4>\n\t\t\t\t\t\t<\/div>\n\t\t\t\t\t<\/div>\n\t\t\t\t\t\t\t\t\t<\/div>\n\t\t\t<\/div>\n\t\t<\/section>\n             \n\t\t\t\t<\/div>\n\t\t\t\t<\/div>\n\t\t\t\t\t<\/div>\n\t\t<\/div>\n\t\t\t\t\t<\/div>\n\t\t<\/section>\n\t\t<div class=\"elementor-element elementor-element-9f0b88f e-flex e-con-boxed e-con e-parent\" data-id=\"9f0b88f\" data-element_type=\"container\">\n\t\t\t\t\t<div class=\"e-con-inner\">\n\t\t\t\t\t<\/div>\n\t\t\t\t<\/div>\n\t\t\t\t<section class=\"elementor-section elementor-top-section elementor-element elementor-element-b8c6de8 contact-form-section elementor-section-boxed elementor-section-height-default elementor-section-height-default\" data-id=\"b8c6de8\" data-element_type=\"section\" data-settings=\"{&quot;background_background&quot;:&quot;classic&quot;}\">\n\t\t\t\t\t\t<div class=\"elementor-container elementor-column-gap-no\">\n\t\t\t\t\t<div class=\"elementor-column elementor-col-50 elementor-top-column elementor-element elementor-element-71232b0\" data-id=\"71232b0\" data-element_type=\"column\">\n\t\t\t<div class=\"elementor-widget-wrap elementor-element-populated\">\n\t\t\t\t\t\t<div class=\"elementor-element elementor-element-74705d7 elementor-widget__width-initial elementor-widget elementor-widget-doclik_contact_form\" data-id=\"74705d7\" data-element_type=\"widget\" data-widget_type=\"doclik_contact_form.default\">\n\t\t\t\t<div class=\"elementor-widget-container\">\n\t\t\t        \n\t\t<!-- Contact Form Section -->\n\t\t<section class=\"contact-form-section one\">\n\t\t\t<div class=\"auto-container\">\n\t\t\t\t<div class=\"row\">\n\t\t\t\t\t<div class=\"col-lg-12\">\n\t\t\t\t\t\t\t\t\t\t\t\t<div class=\"sec-title\">\n\t\t\t\t\t\t\t<div class=\"sub-title\">Alfa Health Center<\/div>\n\t\t\t\t\t\t\t<h2>Leave a Message<\/h2>\n\t\t\t\t\t\t<\/div>\n\t\t\t\t\t\t\t\t\t\t\t\t<div class=\"contact-form\">\n\t\t\t\t\t\t\t\n<div class=\"wpcf7 no-js\" id=\"wpcf7-f446-o1\" lang=\"en-US\" dir=\"ltr\" data-wpcf7-id=\"446\">\n<div class=\"screen-reader-response\"><p role=\"status\" aria-live=\"polite\" aria-atomic=\"true\"><\/p> <ul><\/ul><\/div>\n<form action=\"\/wp-json\/wp\/v2\/pages\/438\" method=\"post\" class=\"wpcf7-form init\" aria-label=\"Contact form\" novalidate=\"novalidate\" data-status=\"init\" data-trp-original-action=\"\/de\/wp-json\/wp\/v2\/pages\/438#wpcf7-f446-o1\">\n<div style=\"display: none;\">\n<input type=\"hidden\" name=\"_wpcf7\" value=\"446\" \/>\n<input type=\"hidden\" name=\"_wpcf7_version\" value=\"6.0\" \/>\n<input type=\"hidden\" name=\"_wpcf7_locale\" value=\"en_US\" \/>\n<input type=\"hidden\" name=\"_wpcf7_unit_tag\" value=\"wpcf7-f446-o1\" \/>\n<input type=\"hidden\" name=\"_wpcf7_container_post\" value=\"0\" \/>\n<input type=\"hidden\" name=\"_wpcf7_posted_data_hash\" value=\"\" \/>\n<\/div>\n<div class=\"row\">\n\t<div class=\"form-group col-md-6\">\n\t\t<p><span class=\"wpcf7-form-control-wrap\" data-name=\"text-638\"><input size=\"40\" maxlength=\"400\" class=\"wpcf7-form-control wpcf7-text wpcf7-validates-as-required\" aria-required=\"true\" aria-invalid=\"false\" placeholder=\"Your Name\" value=\"\" type=\"text\" name=\"text-638\" \/><\/span>\n\t\t<\/p>\n\t<\/div>\n\t<div class=\"form-group col-md-6\">\n\t\t<p><span class=\"wpcf7-form-control-wrap intl_tel-707\"><input class=\"wpcf7-form-control wpcf7-intl_tel wpcf7-validates-as-required wpcf7-intl-tel\" aria-required=\"true\" aria-invalid=\"false\" data-initialcountry=\"gb\" value=\"\" type=\"tel\" name=\"intl_tel-707-cf7it-national\" \/><input name=\"intl_tel-707\" type=\"hidden\" class=\"wpcf7-intl-tel-full\" \/><input type=\"hidden\" name=\"intl_tel-707-cf7it-country-name\" class=\"wpcf7-intl-tel-country-name\" \/><input type=\"hidden\" name=\"intl_tel-707-cf7it-country-code\" class=\"wpcf7-intl-tel-country-code\" \/><input type=\"hidden\" name=\"intl_tel-707-cf7it-country-iso2\" class=\"wpcf7-intl-tel-country-iso2\" \/><\/span>\n\t\t<\/p>\n\t<\/div>\n\t<div class=\"form-group col-md-12\">\n\t\t<p><span class=\"wpcf7-form-control-wrap\" data-name=\"text-847\"><textarea cols=\"40\" rows=\"10\" maxlength=\"2000\" class=\"wpcf7-form-control wpcf7-textarea wpcf7-validates-as-required\" aria-required=\"true\" aria-invalid=\"false\" placeholder=\"Your Message\" name=\"text-847\"><\/textarea><\/span>\n\t\t<\/p>\n\t<\/div>\n\t<div class=\"form-group col-md-12\">\n\t\t<p><input id=\"form_botcheck\" name=\"form_botcheck\" class=\"form-control\" type=\"hidden\" value=\"\" \/><button class=\"theme-btn btn-style-one\" type=\"submit\" data-loading-text=\"Please wait...\"><span>Send Message<i class=\"icon-arrow-right\"><\/i><\/span><\/button>\n\t\t<\/p>\n\t<\/div>\n<\/div><div class=\"wpcf7-response-output\" aria-hidden=\"true\"><\/div>\n<input type=\"hidden\" name=\"trp-form-language\" value=\"de\"\/><\/form>\n<\/div>\n\t\t\t\t\t\t<\/div>\n\t\t\t\t\t<\/div>\n\t\t\t\t<\/div>\n\t\t\t<\/div>\n\t\t<\/section>\n             \n\t\t\t\t<\/div>\n\t\t\t\t<\/div>\n\t\t\t\t\t<\/div>\n\t\t<\/div>\n\t\t\t\t<div class=\"elementor-column elementor-col-50 elementor-top-column elementor-element elementor-element-804c790\" data-id=\"804c790\" data-element_type=\"column\">\n\t\t\t<div class=\"elementor-widget-wrap elementor-element-populated\">\n\t\t\t\t\t\t<div class=\"elementor-element elementor-element-4ae0437 elementor-widget__width-initial elementor-widget elementor-widget-doclik_contact_form_left\" data-id=\"4ae0437\" data-element_type=\"widget\" data-widget_type=\"doclik_contact_form_left.default\">\n\t\t\t\t<div class=\"elementor-widget-container\">\n\t\t\t        \n\t\t<!-- Contact Form Section -->\n\t\t<section class=\"contact-form-section two\">\n\t\t\t<div class=\"auto-container\">\n\t\t\t\t<div class=\"row\">\n\t\t\t\t\t<div class=\"col-lg-12\">\n\t\t\t\t\t\t<div class=\"image\">\n\t\t\t\t\t\t   \n<img decoding=\"async\" src=\"https:\/\/alfaclinicturkey.com\/wp-content\/uploads\/2026\/04\/Adsiz-tasarim-6.jpg\" alt=\"\"\/>\n\t\t\t\t\t\t<\/div>\n\t\t\t\t\t<\/div>\n\t\t\t\t<\/div>\n\t\t\t<\/div>\n\t\t<\/section>\n             \n\t\t\t\t<\/div>\n\t\t\t\t<\/div>\n\t\t\t\t\t<\/div>\n\t\t<\/div>\n\t\t\t\t\t<\/div>\n\t\t<\/section>\n\t\t<div class=\"elementor-element elementor-element-a17d476 e-con-full e-flex e-con e-parent\" data-id=\"a17d476\" data-element_type=\"container\">\n\t\t\t\t<div class=\"elementor-element elementor-element-169bb66 elementor-widget elementor-widget-html\" data-id=\"169bb66\" data-element_type=\"widget\" data-widget_type=\"html.default\">\n\t\t\t\t<div class=\"elementor-widget-container\">\n\t\t\t<iframe src=\"https:\/\/www.google.com\/maps\/embed?pb=!1m18!1m12!1m3!1d3002.9315978106733!2d28.8837036765869!3d41.179659108853606!2m3!1f0!2f0!3f0!3m2!1i1024!2i768!4f13.1!3m3!1m2!1s0x80efac683109c493%3A0x78284bd78dc4c6b7!2s%C4%B0stanbul%20Alfa%20T%C4%B1p%20Merkezi!5e0!3m2!1str!2str!4v1776507620724!5m2!1str!2str\" width=\"600\" height=\"450\" style=\"border:0;\" allowfullscreen=\"\" loading=\"lazy\" referrerpolicy=\"no-referrer-when-downgrade\"><\/iframe>\t\t<\/div>\n\t\t\t\t<\/div>\n\t\t\t\t<\/div>\n\t\t\t\t<\/div>","protected":false},"excerpt":{"rendered":"<p>OUR LOCATION G\u00f6kt\u00fcrk Merkez Mah. A\u00e7elya Sk. No:2\/A Ey\u00fcpsultan\/\u0130stanbul\/T\u00fcrkiye Phone Numbers +90 850 244 90 75 +90 542 356 52 91 EMAIL ADDRESS info@alfaclinicturkey.com appointment@alfaclinicturkey.com Alfa Health Center Leave a Message Send Message<\/p>","protected":false},"author":1,"featured_media":0,"parent":0,"menu_order":0,"comment_status":"closed","ping_status":"closed","template":"tpl-default-elementor.php","meta":{"footnotes":""},"class_list":["post-438","page","type-page","status-publish","hentry"],"_links":{"self":[{"href":"https:\/\/alfaclinicturkey.com\/de\/wp-json\/wp\/v2\/pages\/438","targetHints":{"allow":["GET"]}}],"collection":[{"href":"https:\/\/alfaclinicturkey.com\/de\/wp-json\/wp\/v2\/pages"}],"about":[{"href":"https:\/\/alfaclinicturkey.com\/de\/wp-json\/wp\/v2\/types\/page"}],"author":[{"embeddable":true,"href":"https:\/\/alfaclinicturkey.com\/de\/wp-json\/wp\/v2\/users\/1"}],"replies":[{"embeddable":true,"href":"https:\/\/alfaclinicturkey.com\/de\/wp-json\/wp\/v2\/comments?post=438"}],"version-history":[{"count":3,"href":"https:\/\/alfaclinicturkey.com\/de\/wp-json\/wp\/v2\/pages\/438\/revisions"}],"predecessor-version":[{"id":2468,"href":"https:\/\/alfaclinicturkey.com\/de\/wp-json\/wp\/v2\/pages\/438\/revisions\/2468"}],"wp:attachment":[{"href":"https:\/\/alfaclinicturkey.com\/de\/wp-json\/wp\/v2\/media?parent=438"}],"curies":[{"name":"wp","href":"https:\/\/api.w.org\/{rel}","templated":true}]}}